{"id":3302,"date":"2021-07-07T01:33:27","date_gmt":"2021-07-06T22:33:27","guid":{"rendered":"https:\/\/hekimogluyapi.com\/?page_id=3302"},"modified":"2021-10-09T18:47:31","modified_gmt":"2021-10-09T15:47:31","slug":"cambalkon8mm","status":"publish","type":"page","link":"http:\/\/hekimogluyapi.com\/?page_id=3302","title":{"rendered":"03-01.02-\u00dcR\u00dcNLER-CAMBALKON-CAMBALKON 8MM TEK CAM SER\u0130"},"content":{"rendered":"<div class=\"flex_column av_one_full  flex_column_div av-zero-column-padding first  avia-builder-el-0  el_before_av_one_full  avia-builder-el-first  \" style='border-radius:0px; '><div  id=\"accordion_slider_1\"  class='aviaccordion aviaccordion-title-active  ' style='max-height:430px' data-av-maxheight='430' data-autoplay='false' data-interval='5'   itemscope=\"itemscope\" itemtype=\"https:\/\/schema.org\/Blog\" ><ul class='aviaccordion-inner'><li class='aviaccordion-slide aviaccordion-slide-1' style='left:0%' data-av-left='0'  itemscope=\"itemscope\" itemtype=\"https:\/\/schema.org\/CreativeWork\" ><a class='aviaccordion-slide-link noHover' href=\"http:\/\/hekimogluyapi.com\/wp-content\/uploads\/2021\/07\/TEKCAM8.jpg\" data-srcset=\"http:\/\/hekimogluyapi.com\/wp-content\/uploads\/2021\/07\/TEKCAM8.jpg 950w, http:\/\/hekimogluyapi.com\/wp-content\/uploads\/2021\/07\/TEKCAM8-300x181.jpg 300w, http:\/\/hekimogluyapi.com\/wp-content\/uploads\/2021\/07\/TEKCAM8-768x463.jpg 768w, http:\/\/hekimogluyapi.com\/wp-content\/uploads\/2021\/07\/TEKCAM8-705x425.jpg 705w\" data-sizes=\"(max-width: 950px) 100vw, 950px\"  title=\"HK39\" ><div class='aviaccordion-preview ' style='width:13.1%'><\/div><img width=\"950\" height=\"430\" src=\"http:\/\/hekimogluyapi.com\/wp-content\/uploads\/2021\/07\/TEKCAM8-950x430.jpg\" class=\"avia-img-lazy-loading-not-3284 aviaccordion-image\" alt=\"\" \/><\/a><\/li><li class='aviaccordion-slide aviaccordion-slide-2' style='left:12.5%' data-av-left='12.5'  itemscope=\"itemscope\" itemtype=\"https:\/\/schema.org\/CreativeWork\" ><a class='aviaccordion-slide-link noHover' href=\"http:\/\/hekimogluyapi.com\/wp-content\/uploads\/2021\/07\/TEKCAM7.jpg\" data-srcset=\"http:\/\/hekimogluyapi.com\/wp-content\/uploads\/2021\/07\/TEKCAM7.jpg 950w, http:\/\/hekimogluyapi.com\/wp-content\/uploads\/2021\/07\/TEKCAM7-300x179.jpg 300w, http:\/\/hekimogluyapi.com\/wp-content\/uploads\/2021\/07\/TEKCAM7-768x459.jpg 768w, http:\/\/hekimogluyapi.com\/wp-content\/uploads\/2021\/07\/TEKCAM7-705x422.jpg 705w\" data-sizes=\"(max-width: 950px) 100vw, 950px\"  title=\"HK46\" ><div class='aviaccordion-preview ' style='width:13.1%'><\/div><img width=\"950\" height=\"430\" src=\"http:\/\/hekimogluyapi.com\/wp-content\/uploads\/2021\/07\/TEKCAM7-950x430.jpg\" class=\"avia-img-lazy-loading-not-3276 aviaccordion-image\" alt=\"\" \/><\/a><\/li><li class='aviaccordion-slide aviaccordion-slide-3' style='left:25%' data-av-left='25'  itemscope=\"itemscope\" itemtype=\"https:\/\/schema.org\/CreativeWork\" ><a class='aviaccordion-slide-link noHover' href=\"http:\/\/hekimogluyapi.com\/wp-content\/uploads\/2021\/07\/TEKCAM6.jpg\" data-srcset=\"http:\/\/hekimogluyapi.com\/wp-content\/uploads\/2021\/07\/TEKCAM6.jpg 950w, http:\/\/hekimogluyapi.com\/wp-content\/uploads\/2021\/07\/TEKCAM6-300x181.jpg 300w, http:\/\/hekimogluyapi.com\/wp-content\/uploads\/2021\/07\/TEKCAM6-768x463.jpg 768w, http:\/\/hekimogluyapi.com\/wp-content\/uploads\/2021\/07\/TEKCAM6-705x425.jpg 705w\" data-sizes=\"(max-width: 950px) 100vw, 950px\"  title=\"HK45\" ><div class='aviaccordion-preview ' style='width:13.1%'><\/div><img width=\"950\" height=\"430\" src=\"http:\/\/hekimogluyapi.com\/wp-content\/uploads\/2021\/07\/TEKCAM6-950x430.jpg\" class=\"avia-img-lazy-loading-not-3277 aviaccordion-image\" alt=\"\" \/><\/a><\/li><li class='aviaccordion-slide aviaccordion-slide-4' style='left:37.5%' data-av-left='37.5'  itemscope=\"itemscope\" itemtype=\"https:\/\/schema.org\/CreativeWork\" ><a class='aviaccordion-slide-link noHover' href=\"http:\/\/hekimogluyapi.com\/wp-content\/uploads\/2021\/07\/TEKCAM1.jpg\" data-srcset=\"http:\/\/hekimogluyapi.com\/wp-content\/uploads\/2021\/07\/TEKCAM1.jpg 950w, http:\/\/hekimogluyapi.com\/wp-content\/uploads\/2021\/07\/TEKCAM1-300x172.jpg 300w, http:\/\/hekimogluyapi.com\/wp-content\/uploads\/2021\/07\/TEKCAM1-768x441.jpg 768w, http:\/\/hekimogluyapi.com\/wp-content\/uploads\/2021\/07\/TEKCAM1-705x405.jpg 705w\" data-sizes=\"(max-width: 950px) 100vw, 950px\"  title=\"HK40\" ><div class='aviaccordion-preview ' style='width:13.1%'><\/div><img width=\"950\" height=\"430\" src=\"http:\/\/hekimogluyapi.com\/wp-content\/uploads\/2021\/07\/TEKCAM1-950x430.jpg\" class=\"avia-img-lazy-loading-not-3282 aviaccordion-image\" alt=\"\" \/><\/a><\/li><li class='aviaccordion-slide aviaccordion-slide-5' style='left:50%' data-av-left='50'  itemscope=\"itemscope\" itemtype=\"https:\/\/schema.org\/CreativeWork\" ><a class='aviaccordion-slide-link noHover' href=\"http:\/\/hekimogluyapi.com\/wp-content\/uploads\/2021\/07\/TEKCAM2.jpg\" data-srcset=\"http:\/\/hekimogluyapi.com\/wp-content\/uploads\/2021\/07\/TEKCAM2.jpg 950w, http:\/\/hekimogluyapi.com\/wp-content\/uploads\/2021\/07\/TEKCAM2-300x159.jpg 300w, http:\/\/hekimogluyapi.com\/wp-content\/uploads\/2021\/07\/TEKCAM2-768x406.jpg 768w, http:\/\/hekimogluyapi.com\/wp-content\/uploads\/2021\/07\/TEKCAM2-710x375.jpg 710w, http:\/\/hekimogluyapi.com\/wp-content\/uploads\/2021\/07\/TEKCAM2-705x373.jpg 705w\" data-sizes=\"(max-width: 950px) 100vw, 950px\"  title=\"HK41\" ><div class='aviaccordion-preview ' style='width:13.1%'><\/div><img width=\"950\" height=\"430\" src=\"http:\/\/hekimogluyapi.com\/wp-content\/uploads\/2021\/07\/TEKCAM2-950x430.jpg\" class=\"avia-img-lazy-loading-not-3281 aviaccordion-image\" alt=\"\" \/><\/a><\/li><li class='aviaccordion-slide aviaccordion-slide-6' style='left:62.5%' data-av-left='62.5'  itemscope=\"itemscope\" itemtype=\"https:\/\/schema.org\/CreativeWork\" ><a class='aviaccordion-slide-link noHover' href=\"http:\/\/hekimogluyapi.com\/wp-content\/uploads\/2021\/07\/TEKCAM3.jpg\" data-srcset=\"http:\/\/hekimogluyapi.com\/wp-content\/uploads\/2021\/07\/TEKCAM3.jpg 950w, http:\/\/hekimogluyapi.com\/wp-content\/uploads\/2021\/07\/TEKCAM3-300x181.jpg 300w, http:\/\/hekimogluyapi.com\/wp-content\/uploads\/2021\/07\/TEKCAM3-768x462.jpg 768w, http:\/\/hekimogluyapi.com\/wp-content\/uploads\/2021\/07\/TEKCAM3-705x424.jpg 705w\" data-sizes=\"(max-width: 950px) 100vw, 950px\"  title=\"HK42\" ><div class='aviaccordion-preview ' style='width:13.1%'><\/div><img width=\"950\" height=\"430\" src=\"http:\/\/hekimogluyapi.com\/wp-content\/uploads\/2021\/07\/TEKCAM3-950x430.jpg\" class=\"avia-img-lazy-loading-not-3280 aviaccordion-image\" alt=\"\" \/><\/a><\/li><li class='aviaccordion-slide aviaccordion-slide-7' style='left:75%' data-av-left='75'  itemscope=\"itemscope\" itemtype=\"https:\/\/schema.org\/CreativeWork\" ><a class='aviaccordion-slide-link noHover' href=\"http:\/\/hekimogluyapi.com\/wp-content\/uploads\/2021\/07\/TEKCAM4.jpg\" data-srcset=\"http:\/\/hekimogluyapi.com\/wp-content\/uploads\/2021\/07\/TEKCAM4.jpg 950w, http:\/\/hekimogluyapi.com\/wp-content\/uploads\/2021\/07\/TEKCAM4-300x181.jpg 300w, http:\/\/hekimogluyapi.com\/wp-content\/uploads\/2021\/07\/TEKCAM4-768x463.jpg 768w, http:\/\/hekimogluyapi.com\/wp-content\/uploads\/2021\/07\/TEKCAM4-705x425.jpg 705w\" data-sizes=\"(max-width: 950px) 100vw, 950px\"  title=\"HK43\" ><div class='aviaccordion-preview ' style='width:13.1%'><\/div><img width=\"950\" height=\"430\" src=\"http:\/\/hekimogluyapi.com\/wp-content\/uploads\/2021\/07\/TEKCAM4-950x430.jpg\" class=\"avia-img-lazy-loading-not-3279 aviaccordion-image\" alt=\"\" \/><\/a><\/li><li class='aviaccordion-slide aviaccordion-slide-8' style='left:87.5%' data-av-left='87.5'  itemscope=\"itemscope\" itemtype=\"https:\/\/schema.org\/CreativeWork\" ><a class='aviaccordion-slide-link noHover' href=\"http:\/\/hekimogluyapi.com\/wp-content\/uploads\/2021\/07\/TEKCAM5.jpg\" data-srcset=\"http:\/\/hekimogluyapi.com\/wp-content\/uploads\/2021\/07\/TEKCAM5.jpg 950w, http:\/\/hekimogluyapi.com\/wp-content\/uploads\/2021\/07\/TEKCAM5-300x177.jpg 300w, http:\/\/hekimogluyapi.com\/wp-content\/uploads\/2021\/07\/TEKCAM5-768x454.jpg 768w, http:\/\/hekimogluyapi.com\/wp-content\/uploads\/2021\/07\/TEKCAM5-705x417.jpg 705w\" data-sizes=\"(max-width: 950px) 100vw, 950px\"  title=\"HK44\" ><div class='aviaccordion-preview ' style='width:13.1%'><\/div><img width=\"950\" height=\"430\" src=\"http:\/\/hekimogluyapi.com\/wp-content\/uploads\/2021\/07\/TEKCAM5-950x430.jpg\" class=\"avia-img-lazy-loading-not-3278 aviaccordion-image\" alt=\"\" \/><\/a><\/li><\/ul><div class='aviaccordion-spacer' style='padding-bottom:28.666666666667%'><\/div><\/div><\/div>\n<div class=\"flex_column av_one_full  flex_column_div av-zero-column-padding first  avia-builder-el-2  el_after_av_one_full  avia-builder-el-last  column-top-margin\" style='border-radius:0px; '><p><div  style='padding-bottom:10px; color:#edae44;' class='av-special-heading av-special-heading-h1 custom-color-heading blockquote modern-quote  avia-builder-el-3  el_before_av_textblock  avia-builder-el-first  '><h1 class='av-special-heading-tag '  itemprop=\"headline\"  >Tek cam 8mm Seri<\/h1><div class='special-heading-border'><div class='special-heading-inner-border' style='border-color:#edae44'><\/div><\/div><\/div><br \/>\n<section class=\"av_textblock_section \"  itemscope=\"itemscope\" itemtype=\"https:\/\/schema.org\/CreativeWork\" ><div class='avia_textblock  '   itemprop=\"text\" ><ul>\n<li><strong>8mm Tek Cam Seri<\/strong>\u00a0uygulamalar\u0131 i\u00e7in tercih edilen, alttan ve \u00fcstten ta\u015f\u0131mal\u0131 bir sistemdir. Cam paneller sa\u011fa ve sola veya her iki tarafa toplanabilir.<\/li>\n<li>\u00a08 mm Temperli Cam uygulan\u0131r. Profiller 3mm kal\u0131nl\u0131kta, zarif, ikna edici tasar\u0131m ve g\u00f6r\u00fcnt\u00fcye sahiptir.L\u00fcks Al\u00fcminyum Malzemesi 6063 ala\u015f\u0131mdan \u00fcretilmektedir.<\/li>\n<li>TS 5247, EN 12020\u20131 standartlar\u0131na uygun olarak \u00fcretilmektedir.<\/li>\n<li>Kasa detay\u0131 \u00fczerindeki su kanal\u0131\u00a0 ya\u011fmur suyu gibi d\u0131\u015f etkenlerden koruyan ve tahliye yoluyla kasa d\u0131\u015f\u0131na atan su olu\u011fu bulunmaktad\u0131r<\/li>\n<\/ul>\n<p><strong>S\u0130STEME \u00d6ZEL \u00c7OCUK EMN\u0130YET K\u0130L\u0130D\u0130NE SAH\u0130P S\u0130STEMD\u0130R!<\/strong><\/p>\n<ul>\n<li>\u00d6zel imalat 9000 seri \u00f6zel rulmanl\u0131 ve d\u00f6k\u00fcm olmayan, a\u015f\u0131nmaz polyemid kaplamal\u0131 teker sistemi, \u00fc\u00e7 yerden kilitlemeli ve asla d\u00fc\u015fme yapmaz. Her kanatta her biri 2 rulmanl\u0131 4 adet teker kullan\u0131lmaktad\u0131r.<\/li>\n<li>Camlar\u0131n aras\u0131nda 2 Adet Silikon esasl\u0131 UV \u0131\u015f\u0131nlar\u0131na dayan\u0131kl\u0131 (h) Fitiller uygulanmal\u0131d\u0131r. Bu sisteme \u00f6zel g\u00fcvenlik kilidi ve standart kilit sistemi kullan\u0131lmaktad\u0131r. Etkili tasar\u0131m\u0131 ve her a\u00e7\u0131dan \u00e7al\u0131\u015fabilen y\u00fcksek yal\u0131t\u0131m performansl\u0131 kanat kapaklar\u0131; kanat al\u0131nlar\u0131nda \u00f6zel 90\u00ba kapak, 135\u00ba kapak, rad\u00fcsl\u00fc kapak, d\u00fcz ara kapak, bitim kapaklar\u0131 kullan\u0131l\u0131r.<\/li>\n<li>\u00c7e\u015fitli Renk ve modellerde uygulanmakta olup yer ve mekana g\u00f6re uyum sa\u011flamaktad\u0131r. \u00d6zel a\u00e7\u0131l\u0131m\u0131 sayesinde temizlik problemi ya\u015fanmaz.<\/li>\n<li><strong>YUKARIDAK\u0130 G\u00d6RSELLER KEND\u0130 PROJEM\u0130ZD\u0130R.( Telif Haklar\u0131 HEK\u0130MO\u011eLU YAPI&#8217;ya aittir. Kopyalanmas\u0131 halinde yasal i\u015flemler ba\u015flat\u0131lacakt\u0131r.)<\/strong><\/li>\n<\/ul>\n<\/div><\/section><\/p><\/div>\n","protected":false},"excerpt":{"rendered":"","protected":false},"author":1,"featured_media":0,"parent":3354,"menu_order":0,"comment_status":"closed","ping_status":"closed","template":"","meta":[],"_links":{"self":[{"href":"http:\/\/hekimogluyapi.com\/index.php?rest_route=\/wp\/v2\/pages\/3302"}],"collection":[{"href":"http:\/\/hekimogluyapi.com\/index.php?rest_route=\/wp\/v2\/pages"}],"about":[{"href":"http:\/\/hekimogluyapi.com\/index.php?rest_route=\/wp\/v2\/types\/page"}],"author":[{"embeddable":true,"href":"http:\/\/hekimogluyapi.com\/index.php?rest_route=\/wp\/v2\/users\/1"}],"replies":[{"embeddable":true,"href":"http:\/\/hekimogluyapi.com\/index.php?rest_route=%2Fwp%2Fv2%2Fcomments&post=3302"}],"version-history":[{"count":12,"href":"http:\/\/hekimogluyapi.com\/index.php?rest_route=\/wp\/v2\/pages\/3302\/revisions"}],"predecessor-version":[{"id":3770,"href":"http:\/\/hekimogluyapi.com\/index.php?rest_route=\/wp\/v2\/pages\/3302\/revisions\/3770"}],"up":[{"embeddable":true,"href":"http:\/\/hekimogluyapi.com\/index.php?rest_route=\/wp\/v2\/pages\/3354"}],"wp:attachment":[{"href":"http:\/\/hekimogluyapi.com\/index.php?rest_route=%2Fwp%2Fv2%2Fmedia&parent=3302"}],"curies":[{"name":"wp","href":"https:\/\/api.w.org\/{rel}","templated":true}]}}